{"id":4471,"date":"2023-07-26T07:37:42","date_gmt":"2023-07-26T07:37:42","guid":{"rendered":"https:\/\/hakotrans.madeinmedia.online\/rechtlicher-hinweis\/"},"modified":"2025-06-12T12:19:45","modified_gmt":"2025-06-12T12:19:45","slug":"rechtlicher-hinweis","status":"publish","type":"page","link":"https:\/\/vanderentmudanzas.com\/de\/rechtlicher-hinweis\/","title":{"rendered":"Rechtlicher Hinweis"},"content":{"rendered":"\t\t<div data-elementor-type=\"wp-page\" data-elementor-id=\"4471\" class=\"elementor elementor-4471\">\n\t\t\t\t\t\t<section class=\"elementor-section elementor-top-section elementor-element elementor-element-220c95cd elementor-section-boxed elementor-section-height-default elementor-section-height-default\" data-id=\"220c95cd\" data-element_type=\"section\" data-settings=\"{&quot;background_background&quot;:&quot;slideshow&quot;,&quot;background_slideshow_gallery&quot;:[{&quot;id&quot;:182,&quot;url&quot;:&quot;https:\\\/\\\/vanderentmudanzas.com\\\/wp-content\\\/uploads\\\/2023\\\/05\\\/19.jpg&quot;},{&quot;id&quot;:183,&quot;url&quot;:&quot;https:\\\/\\\/vanderentmudanzas.com\\\/wp-content\\\/uploads\\\/2023\\\/05\\\/20.jpg&quot;},{&quot;id&quot;:184,&quot;url&quot;:&quot;https:\\\/\\\/vanderentmudanzas.com\\\/wp-content\\\/uploads\\\/2023\\\/05\\\/21.jpg&quot;}],&quot;background_slideshow_loop&quot;:&quot;yes&quot;,&quot;background_slideshow_slide_duration&quot;:5000,&quot;background_slideshow_slide_transition&quot;:&quot;fade&quot;,&quot;background_slideshow_transition_duration&quot;:500}\">\n\t\t\t\t\t\t\t<div class=\"elementor-background-overlay\"><\/div>\n\t\t\t\t\t\t\t<div class=\"elementor-container elementor-column-gap-default\">\n\t\t\t\t\t<div class=\"elementor-column elementor-col-100 elementor-top-column elementor-element elementor-element-1dcf8b5b\" data-id=\"1dcf8b5b\" data-element_type=\"column\">\n\t\t\t<div class=\"elementor-widget-wrap elementor-element-populated\">\n\t\t\t\t\t\t<div class=\"elementor-element elementor-element-5f3c088c elementor-invisible elementor-widget elementor-widget-elementskit-heading\" data-id=\"5f3c088c\" data-element_type=\"widget\" data-settings=\"{&quot;_animation&quot;:&quot;fadeIn&quot;}\" data-widget_type=\"elementskit-heading.default\">\n\t\t\t\t<div class=\"elementor-widget-container\">\n\t\t\t\t\t<div class=\"ekit-wid-con\" ><div class=\"ekit-heading elementskit-section-title-wraper text_center   ekit_heading_tablet-   ekit_heading_mobile-\"><h1 class=\"ekit-heading--title elementskit-section-title \">RECHTLICHER <span>HINWEIS<\/span><\/h1><\/div><\/div>\t\t\t\t<\/div>\n\t\t\t\t<\/div>\n\t\t\t\t\t<\/div>\n\t\t<\/div>\n\t\t\t\t\t<\/div>\n\t\t<\/section>\n\t\t\t\t<section class=\"elementor-section elementor-top-section elementor-element elementor-element-74f486fe elementor-reverse-mobile elementor-section-boxed elementor-section-height-default elementor-section-height-default\" data-id=\"74f486fe\" data-element_type=\"section\" data-settings=\"{&quot;background_background&quot;:&quot;classic&quot;}\">\n\t\t\t\t\t\t\t<div class=\"elementor-background-overlay\"><\/div>\n\t\t\t\t\t\t\t<div class=\"elementor-container elementor-column-gap-default\">\n\t\t\t\t\t<div class=\"elementor-column elementor-col-100 elementor-top-column elementor-element elementor-element-4516a27c\" data-id=\"4516a27c\" data-element_type=\"column\" data-settings=\"{&quot;background_background&quot;:&quot;classic&quot;}\">\n\t\t\t<div class=\"elementor-widget-wrap elementor-element-populated\">\n\t\t\t\t\t\t<div class=\"elementor-element elementor-element-6a548bc8 elementor-widget__width-inherit elementor-widget-mobile__width-inherit title-first-section elementor-invisible elementor-widget elementor-widget-elementskit-heading\" data-id=\"6a548bc8\" data-element_type=\"widget\" data-settings=\"{&quot;_animation&quot;:&quot;fadeIn&quot;,&quot;_animation_delay&quot;:200}\" data-widget_type=\"elementskit-heading.default\">\n\t\t\t\t<div class=\"elementor-widget-container\">\n\t\t\t\t\t<div class=\"ekit-wid-con\" ><div class=\"ekit-heading elementskit-section-title-wraper text_left   ekit_heading_tablet-   ekit_heading_mobile-\"><h3 class=\"ekit-heading--title elementskit-section-title \">1.- Einleitung<\/h3><\/div><\/div>\t\t\t\t<\/div>\n\t\t\t\t<\/div>\n\t\t\t\t<div class=\"elementor-element elementor-element-4775095a elementor-widget__width-initial elementor-widget-tablet__width-inherit elementor-invisible elementor-widget elementor-widget-text-editor\" data-id=\"4775095a\" data-element_type=\"widget\" data-settings=\"{&quot;_animation&quot;:&quot;fadeIn&quot;,&quot;_animation_delay&quot;:200}\" data-widget_type=\"text-editor.default\">\n\t\t\t\t<div class=\"elementor-widget-container\">\n\t\t\t\t\t\t\t\t\t<p data-start=\"71\" data-end=\"270\">Dieses Dokument regelt die Nutzungsbedingungen der Website <a class=\"\" href=\"https:\/\/vanderentmudanzas.com\" target=\"_new\" rel=\"noopener\" data-start=\"150\" data-end=\"179\">https:\/\/vanderentmudanzas.com<\/a> (nachfolgend die \u201eWebsite\u201c), einschlie\u00dflich aller Inhalte der Domain und ihrer Subdomains.<\/p><p data-start=\"272\" data-end=\"492\">Durch die Nutzung der Website wirst du zum Nutzer und akzeptierst die rechtlichen Bedingungen. Du kannst die Website und die rechtlichen Hinweise jederzeit einsehen; bitte beachte, dass sie \u00c4nderungen unterliegen k\u00f6nnen.<\/p>\t\t\t\t\t\t\t\t<\/div>\n\t\t\t\t<\/div>\n\t\t\t\t<div class=\"elementor-element elementor-element-61c43396 elementor-widget__width-inherit elementor-widget-mobile__width-inherit title-first-section elementor-invisible elementor-widget elementor-widget-elementskit-heading\" data-id=\"61c43396\" data-element_type=\"widget\" data-settings=\"{&quot;_animation&quot;:&quot;fadeIn&quot;,&quot;_animation_delay&quot;:200}\" data-widget_type=\"elementskit-heading.default\">\n\t\t\t\t<div class=\"elementor-widget-container\">\n\t\t\t\t\t<div class=\"ekit-wid-con\" ><div class=\"ekit-heading elementskit-section-title-wraper text_left   ekit_heading_tablet-   ekit_heading_mobile-\"><h3 class=\"ekit-heading--title elementskit-section-title \">2.- Eigentum an der Website<\/h3><\/div><\/div>\t\t\t\t<\/div>\n\t\t\t\t<\/div>\n\t\t\t\t<div class=\"elementor-element elementor-element-7173df3a elementor-widget__width-initial elementor-widget-tablet__width-inherit elementor-invisible elementor-widget elementor-widget-text-editor\" data-id=\"7173df3a\" data-element_type=\"widget\" data-settings=\"{&quot;_animation&quot;:&quot;fadeIn&quot;,&quot;_animation_delay&quot;:200}\" data-widget_type=\"text-editor.default\">\n\t\t\t\t<div class=\"elementor-widget-container\">\n\t\t\t\t\t\t\t\t\t<p data-start=\"494\" data-end=\"609\">Eigent\u00fcmer der Website: Van der Ent Mudanzas S.L.<br data-start=\"575\" data-end=\"578\" \/>Steuernummer (CIF): B75412528<\/p><p data-start=\"611\" data-end=\"758\">Anschrift: C\/ Maria Malibran 14, 1\u00baD \u2013 Pol\u00edgono Industrial Trevenez, PLZ 29590, M\u00e1laga.<br data-start=\"698\" data-end=\"701\" \/>Telefon: 952587619<br data-start=\"719\" data-end=\"722\" \/>E-Mail: <a class=\"cursor-pointer\" rel=\"noopener\" data-start=\"730\" data-end=\"756\">info@vanderentmudanzas.com<\/a><\/p><p data-start=\"760\" data-end=\"878\">Eingetragen im Handelsregister von M\u00e1laga: Band 2427, Buch 1340, Seite 56, Abschnitt 8, Blatt MA 39008, Eintragung 11.<\/p>\t\t\t\t\t\t\t\t<\/div>\n\t\t\t\t<\/div>\n\t\t\t\t<div class=\"elementor-element elementor-element-61d6fb5d elementor-widget__width-inherit elementor-widget-mobile__width-inherit title-first-section elementor-invisible elementor-widget elementor-widget-elementskit-heading\" data-id=\"61d6fb5d\" data-element_type=\"widget\" data-settings=\"{&quot;_animation&quot;:&quot;fadeIn&quot;,&quot;_animation_delay&quot;:200}\" data-widget_type=\"elementskit-heading.default\">\n\t\t\t\t<div class=\"elementor-widget-container\">\n\t\t\t\t\t<div class=\"ekit-wid-con\" ><div class=\"ekit-heading elementskit-section-title-wraper text_left   ekit_heading_tablet-   ekit_heading_mobile-\"><h3 class=\"ekit-heading--title elementskit-section-title \">3.- Nutzungsbedingungen f\u00fcr Nutzer<\/h3><\/div><\/div>\t\t\t\t<\/div>\n\t\t\t\t<\/div>\n\t\t\t\t<div class=\"elementor-element elementor-element-22025240 elementor-widget__width-initial elementor-widget-tablet__width-inherit elementor-invisible elementor-widget elementor-widget-text-editor\" data-id=\"22025240\" data-element_type=\"widget\" data-settings=\"{&quot;_animation&quot;:&quot;fadeIn&quot;,&quot;_animation_delay&quot;:200}\" data-widget_type=\"text-editor.default\">\n\t\t\t\t<div class=\"elementor-widget-container\">\n\t\t\t\t\t\t\t\t\t<p data-start=\"880\" data-end=\"1124\">Es ist verboten, die Systeme oder IT-Anwendungen des Eigent\u00fcmers oder Dritter zu \u00fcberlasten, zu besch\u00e4digen oder funktionsunf\u00e4hig zu machen, oder sie zum Schaden von Eigentum oder Interessen zu verwenden.<\/p><p data-start=\"1126\" data-end=\"1446\">Solltest du Kenntnis davon haben, dass Hyperlinks auf Websites mit rechtswidrigen, sch\u00e4dlichen, herabw\u00fcrdigenden, gewaltt\u00e4tigen oder unmoralischen Inhalten oder Diensten verweisen, oder solltest du rechtswidrige Inhalte oder Probleme auf unserer Website entdecken, informiere uns bitte, damit wir diese entfernen k\u00f6nnen.<\/p><p data-start=\"1448\" data-end=\"1599\">Wenn du uns Informationen \u00fcbermittelst, verpflichtest du dich, dass diese wahrheitsgem\u00e4\u00df sind und keine Rechte Dritter oder geltende Gesetze verletzen.<\/p><p data-start=\"1601\" data-end=\"1929\">Du verpflichtest dich, keine Inhalte der Website oder deren technische Schutz- oder Konfigurationselemente zu vervielf\u00e4ltigen, zu verbreiten, zu ver\u00e4ndern oder zu manipulieren. Auch darfst du keine anderen Mittel als die von uns bereitgestellten verwenden, um Materialien, Informationen oder Dateien von der Website zu erhalten.<\/p>\t\t\t\t\t\t\t\t<\/div>\n\t\t\t\t<\/div>\n\t\t\t\t<div class=\"elementor-element elementor-element-7c91ba8d elementor-widget__width-inherit elementor-widget-mobile__width-inherit title-first-section elementor-invisible elementor-widget elementor-widget-elementskit-heading\" data-id=\"7c91ba8d\" data-element_type=\"widget\" data-settings=\"{&quot;_animation&quot;:&quot;fadeIn&quot;,&quot;_animation_delay&quot;:200}\" data-widget_type=\"elementskit-heading.default\">\n\t\t\t\t<div class=\"elementor-widget-container\">\n\t\t\t\t\t<div class=\"ekit-wid-con\" ><div class=\"ekit-heading elementskit-section-title-wraper text_left   ekit_heading_tablet-   ekit_heading_mobile-\"><h3 class=\"ekit-heading--title elementskit-section-title \">4.- Geistiges und gewerbliches Eigentum<\/h3><\/div><\/div>\t\t\t\t<\/div>\n\t\t\t\t<\/div>\n\t\t\t\t<div class=\"elementor-element elementor-element-196169bf elementor-widget__width-initial elementor-widget-tablet__width-inherit elementor-invisible elementor-widget elementor-widget-text-editor\" data-id=\"196169bf\" data-element_type=\"widget\" data-settings=\"{&quot;_animation&quot;:&quot;fadeIn&quot;,&quot;_animation_delay&quot;:200}\" data-widget_type=\"text-editor.default\">\n\t\t\t\t<div class=\"elementor-widget-container\">\n\t\t\t\t\t\t\t\t\t<p data-start=\"1931\" data-end=\"2110\">Wir besitzen die geistigen Eigentumsrechte an allen Inhalten der Website oder verf\u00fcgen \u00fcber die entsprechende Genehmigung zur Nutzung.<\/p><p data-start=\"2112\" data-end=\"2354\">Alle verwendeten Marken oder Kennzeichen sind gesetzlich gesch\u00fctzt. Die unbefugte Vervielf\u00e4ltigung, Verbreitung, Vermarktung oder Ver\u00e4nderung von Inhalten der Website stellt eine Verletzung der geistigen oder gewerblichen Eigentumsrechte dar.<\/p><p data-start=\"2356\" data-end=\"2489\">Eine solche unbefugte Nutzung sowie daraus entstehende Sch\u00e4den k\u00f6nnen zu rechtlichen Schritten und gegebenenfalls zur Haftung f\u00fchren.<\/p>\t\t\t\t\t\t\t\t<\/div>\n\t\t\t\t<\/div>\n\t\t\t\t<div class=\"elementor-element elementor-element-6f946589 elementor-widget__width-inherit elementor-widget-mobile__width-inherit title-first-section elementor-invisible elementor-widget elementor-widget-elementskit-heading\" data-id=\"6f946589\" data-element_type=\"widget\" data-settings=\"{&quot;_animation&quot;:&quot;fadeIn&quot;,&quot;_animation_delay&quot;:200}\" data-widget_type=\"elementskit-heading.default\">\n\t\t\t\t<div class=\"elementor-widget-container\">\n\t\t\t\t\t<div class=\"ekit-wid-con\" ><div class=\"ekit-heading elementskit-section-title-wraper text_left   ekit_heading_tablet-   ekit_heading_mobile-\"><h3 class=\"ekit-heading--title elementskit-section-title \">5.- Sorgf\u00e4ltiges Handeln des Website-Eigent\u00fcmers zur Haftungsausschlie\u00dfung<\/h3><\/div><\/div>\t\t\t\t<\/div>\n\t\t\t\t<\/div>\n\t\t\t\t<div class=\"elementor-element elementor-element-374da8c2 elementor-widget__width-initial elementor-widget-tablet__width-inherit elementor-invisible elementor-widget elementor-widget-text-editor\" data-id=\"374da8c2\" data-element_type=\"widget\" data-settings=\"{&quot;_animation&quot;:&quot;fadeIn&quot;,&quot;_animation_delay&quot;:200}\" data-widget_type=\"text-editor.default\">\n\t\t\t\t<div class=\"elementor-widget-container\">\n\t\t\t\t\t\t\t\t\t<p data-start=\"2491\" data-end=\"2862\">Die Inhalte, Programme, Informationen und\/oder Ratschl\u00e4ge auf dieser Website sind unverbindlich, es sei denn, es besteht ein Vertrag, in dem Verpflichtungen zwischen den Parteien geregelt sind. Ansonsten \u00fcbernehmen wir keine vertragliche oder au\u00dfervertragliche Haftung gegen\u00fcber den Nutzern.<\/p><p data-start=\"2864\" data-end=\"3206\">Auf der Website k\u00f6nnen Inhalte oder Schaltfl\u00e4chen Dritter erscheinen. Wir bem\u00fchen uns um gr\u00f6\u00dftm\u00f6gliche Sicherheit, dennoch solltest du dir bewusst sein, dass es Viren, sch\u00e4dliche Elemente oder unautorisierte Hyperlinks geben k\u00f6nnte. Wir empfehlen dir, wachsam zu bleiben und uns etwaige Probleme zu melden, damit wir schnell reagieren k\u00f6nnen.<\/p><p data-start=\"3208\" data-end=\"3526\">Es kann auch Hyperlinks zu externen Websites geben. Wir \u00fcberpr\u00fcfen diese im Vorfeld sorgf\u00e4ltig und entfernen sie, sobald wir erfahren, dass sie gegen geltende Vorschriften versto\u00dfen oder dem Nutzer Schaden zuf\u00fcgen k\u00f6nnten. Wir raten zur Vorsicht und empfehlen, die rechtlichen Hinweise dieser externen Seiten zu lesen.<\/p><p data-start=\"3528\" data-end=\"3734\">Wir aktualisieren die Inhalte der Website unter Einhaltung gesetzlicher Vorgaben und deiner Rechte. Sollte die Website nicht verf\u00fcgbar oder fehlerhaft sein, werden wir sie schnellstm\u00f6glich wiederherstellen.<\/p><p data-start=\"3736\" data-end=\"4021\">Obwohl wir alle erforderlichen Sicherheitsma\u00dfnahmen ergreifen, haften wir nur f\u00fcr unsere Bem\u00fchungen, nicht f\u00fcr das Ergebnis. Daher k\u00f6nnen wir nicht garantieren, dass keine Viren oder andere sch\u00e4dliche Elemente auf der Website vorhanden sind, die dein IT-System beeintr\u00e4chtigen k\u00f6nnten.<\/p><p data-start=\"4023\" data-end=\"4318\">Aus diesem Grund haften wir nicht, wenn wir im Vorfeld alle technischen Ma\u00dfnahmen getroffen haben und nach Kenntniserlangung einer St\u00f6rung umgehend handeln, um deren Auswirkungen auf deine Rechte und Freiheiten zu minimieren. Bei Sch\u00e4den durch Computerviren oder Angriffe haftet der Verursacher.<\/p><p data-start=\"4320\" data-end=\"4443\">Du hast jederzeit das Recht, rechtliche Schritte einzuleiten. Diese Bedingungen schr\u00e4nken deine Rechte in keiner Weise ein.<\/p>\t\t\t\t\t\t\t\t<\/div>\n\t\t\t\t<\/div>\n\t\t\t\t<div class=\"elementor-element elementor-element-64aaaaf8 elementor-widget__width-inherit elementor-widget-mobile__width-inherit title-first-section elementor-invisible elementor-widget elementor-widget-elementskit-heading\" data-id=\"64aaaaf8\" data-element_type=\"widget\" data-settings=\"{&quot;_animation&quot;:&quot;fadeIn&quot;,&quot;_animation_delay&quot;:200}\" data-widget_type=\"elementskit-heading.default\">\n\t\t\t\t<div class=\"elementor-widget-container\">\n\t\t\t\t\t<div class=\"ekit-wid-con\" ><div class=\"ekit-heading elementskit-section-title-wraper text_left   ekit_heading_tablet-   ekit_heading_mobile-\"><h3 class=\"ekit-heading--title elementskit-section-title \">6.- Gesetzgebung<\/h3><\/div><\/div>\t\t\t\t<\/div>\n\t\t\t\t<\/div>\n\t\t\t\t<div class=\"elementor-element elementor-element-233374f8 elementor-widget__width-initial elementor-widget-tablet__width-inherit elementor-invisible elementor-widget elementor-widget-text-editor\" data-id=\"233374f8\" data-element_type=\"widget\" data-settings=\"{&quot;_animation&quot;:&quot;fadeIn&quot;,&quot;_animation_delay&quot;:200}\" data-widget_type=\"text-editor.default\">\n\t\t\t\t<div class=\"elementor-widget-container\">\n\t\t\t\t\t\t\t\t\t<p>Der vorliegende rechtliche Hinweis unterliegt in allen seinen Aspekten dem spanischen Recht. Der vorliegende Vertrag ist in spanischer Sprache abgefasst.<\/p>\t\t\t\t\t\t\t\t<\/div>\n\t\t\t\t<\/div>\n\t\t\t\t<div class=\"elementor-element elementor-element-68bfcdda elementor-widget__width-inherit elementor-widget-mobile__width-inherit title-first-section elementor-invisible elementor-widget elementor-widget-elementskit-heading\" data-id=\"68bfcdda\" data-element_type=\"widget\" data-settings=\"{&quot;_animation&quot;:&quot;fadeIn&quot;,&quot;_animation_delay&quot;:200}\" data-widget_type=\"elementskit-heading.default\">\n\t\t\t\t<div class=\"elementor-widget-container\">\n\t\t\t\t\t<div class=\"ekit-wid-con\" ><div class=\"ekit-heading elementskit-section-title-wraper text_left   ekit_heading_tablet-   ekit_heading_mobile-\"><h3 class=\"ekit-heading--title elementskit-section-title \">7.- Kontakt<\/h3><\/div><\/div>\t\t\t\t<\/div>\n\t\t\t\t<\/div>\n\t\t\t\t<div class=\"elementor-element elementor-element-18f1ad88 elementor-widget__width-initial elementor-widget-tablet__width-inherit elementor-invisible elementor-widget elementor-widget-text-editor\" data-id=\"18f1ad88\" data-element_type=\"widget\" data-settings=\"{&quot;_animation&quot;:&quot;fadeIn&quot;,&quot;_animation_delay&quot;:200}\" data-widget_type=\"text-editor.default\">\n\t\t\t\t<div class=\"elementor-widget-container\">\n\t\t\t\t\t\t\t\t\t<div class=\"wpb_text_column wpb_content_element parrafo\"><div class=\"wpb_wrapper\"><p>Wenn Sie Fragen zu den Bedingungen in diesem rechtlichen Hinweis haben oder wenn Sie Vorschl\u00e4ge oder Empfehlungen machen m\u00f6chten, wenden Sie sich bitte an die unter Punkt 2 angegebene E-Mail-Adresse.<\/p><\/div><\/div>\t\t\t\t\t\t\t\t<\/div>\n\t\t\t\t<\/div>\n\t\t\t\t\t<\/div>\n\t\t<\/div>\n\t\t\t\t\t<\/div>\n\t\t<\/section>\n\t\t\t\t<\/div>\n\t\t","protected":false},"excerpt":{"rendered":"<p>RECHTLICHER HINWEIS 1.- Einleitung Dieses Dokument regelt die Nutzungsbedingungen der Website https:\/\/vanderentmudanzas.com (nachfolgend die \u201eWebsite\u201c), einschlie\u00dflich aller Inhalte der Domain und ihrer Subdomains. Durch die Nutzung der Website wirst du zum Nutzer und akzeptierst die rechtlichen Bedingungen. Du kannst die Website und die rechtlichen Hinweise jederzeit einsehen; bitte beachte, dass sie \u00c4nderungen unterliegen k\u00f6nnen. 2.-&hellip; <a class=\"more-link\" href=\"https:\/\/vanderentmudanzas.com\/de\/rechtlicher-hinweis\/\"><span class=\"screen-reader-text\">Rechtlicher Hinweis<\/span> weiterlesen<\/a><\/p>\n","protected":false},"author":1,"featured_media":0,"parent":0,"menu_order":0,"comment_status":"closed","ping_status":"closed","template":"elementor_header_footer","meta":{"_joinchat":[],"footnotes":""},"class_list":["post-4471","page","type-page","status-publish","hentry","entry"],"_links":{"self":[{"href":"https:\/\/vanderentmudanzas.com\/de\/wp-json\/wp\/v2\/pages\/4471","targetHints":{"allow":["GET"]}}],"collection":[{"href":"https:\/\/vanderentmudanzas.com\/de\/wp-json\/wp\/v2\/pages"}],"about":[{"href":"https:\/\/vanderentmudanzas.com\/de\/wp-json\/wp\/v2\/types\/page"}],"author":[{"embeddable":true,"href":"https:\/\/vanderentmudanzas.com\/de\/wp-json\/wp\/v2\/users\/1"}],"replies":[{"embeddable":true,"href":"https:\/\/vanderentmudanzas.com\/de\/wp-json\/wp\/v2\/comments?post=4471"}],"version-history":[{"count":12,"href":"https:\/\/vanderentmudanzas.com\/de\/wp-json\/wp\/v2\/pages\/4471\/revisions"}],"predecessor-version":[{"id":8615,"href":"https:\/\/vanderentmudanzas.com\/de\/wp-json\/wp\/v2\/pages\/4471\/revisions\/8615"}],"wp:attachment":[{"href":"https:\/\/vanderentmudanzas.com\/de\/wp-json\/wp\/v2\/media?parent=4471"}],"curies":[{"name":"wp","href":"https:\/\/api.w.org\/{rel}","templated":true}]}}