{"id":5199,"date":"2023-07-25T06:32:34","date_gmt":"2023-07-25T06:32:34","guid":{"rendered":"https:\/\/hakotrans.madeinmedia.online\/faqs-preguntas-frecuentes\/"},"modified":"2023-11-17T10:43:51","modified_gmt":"2023-11-17T10:43:51","slug":"haeufige-fragen","status":"publish","type":"page","link":"https:\/\/vanderentmudanzas.com\/de\/haeufige-fragen\/","title":{"rendered":"H\u00e4ufige Fragen"},"content":{"rendered":"\t\t<div data-elementor-type=\"wp-page\" data-elementor-id=\"5199\" class=\"elementor elementor-5199\">\n\t\t\t\t\t\t<section class=\"elementor-section elementor-top-section elementor-element elementor-element-46eab24f elementor-section-boxed elementor-section-height-default elementor-section-height-default\" data-id=\"46eab24f\" data-element_type=\"section\" data-settings=\"{&quot;background_background&quot;:&quot;classic&quot;}\">\n\t\t\t\t\t\t\t<div class=\"elementor-background-overlay\"><\/div>\n\t\t\t\t\t\t\t<div class=\"elementor-container elementor-column-gap-default\">\n\t\t\t\t\t<div class=\"elementor-column elementor-col-100 elementor-top-column elementor-element elementor-element-223f8135\" data-id=\"223f8135\" data-element_type=\"column\">\n\t\t\t<div class=\"elementor-widget-wrap elementor-element-populated\">\n\t\t\t\t\t\t<div class=\"elementor-element elementor-element-3581400f elementor-invisible elementor-widget elementor-widget-elementskit-heading\" data-id=\"3581400f\" data-element_type=\"widget\" data-settings=\"{&quot;_animation&quot;:&quot;fadeIn&quot;}\" data-widget_type=\"elementskit-heading.default\">\n\t\t\t\t<div class=\"elementor-widget-container\">\n\t\t\t\t\t<div class=\"ekit-wid-con\" ><div class=\"ekit-heading elementskit-section-title-wraper text_center   ekit_heading_tablet-   ekit_heading_mobile-\"><h1 class=\"ekit-heading--title elementskit-section-title \">WOHIN DU AUCH GEHST, <span>WIR GEHEN MIT DIR<\/span><\/h1><\/div><\/div>\t\t\t\t<\/div>\n\t\t\t\t<\/div>\n\t\t\t\t\t<\/div>\n\t\t<\/div>\n\t\t\t\t\t<\/div>\n\t\t<\/section>\n\t\t\t\t<section class=\"elementor-section elementor-top-section elementor-element elementor-element-c5c35fa elementor-section-boxed elementor-section-height-default elementor-section-height-default\" data-id=\"c5c35fa\" data-element_type=\"section\">\n\t\t\t\t\t\t<div class=\"elementor-container elementor-column-gap-default\">\n\t\t\t\t\t<div class=\"elementor-column elementor-col-100 elementor-top-column elementor-element elementor-element-256e124a\" data-id=\"256e124a\" data-element_type=\"column\">\n\t\t\t<div class=\"elementor-widget-wrap elementor-element-populated\">\n\t\t\t\t\t\t<div class=\"elementor-element elementor-element-9d7f918 elementor-widget-mobile__width-inherit elementor-invisible elementor-widget elementor-widget-elementskit-heading\" data-id=\"9d7f918\" data-element_type=\"widget\" data-settings=\"{&quot;_animation&quot;:&quot;fadeIn&quot;,&quot;_animation_delay&quot;:200}\" data-widget_type=\"elementskit-heading.default\">\n\t\t\t\t<div class=\"elementor-widget-container\">\n\t\t\t\t\t<div class=\"ekit-wid-con\" ><div class=\"ekit-heading elementskit-section-title-wraper text_left   ekit_heading_tablet-   ekit_heading_mobile-\"><h2 class=\"ekit-heading--title elementskit-section-title \">Wir beantworten <span>Ihre Fragen<\/span><\/h2><\/div><\/div>\t\t\t\t<\/div>\n\t\t\t\t<\/div>\n\t\t\t\t<div class=\"elementor-element elementor-element-55aa7aa7 elementor-invisible elementor-widget elementor-widget-text-editor\" data-id=\"55aa7aa7\" data-element_type=\"widget\" data-settings=\"{&quot;_animation&quot;:&quot;fadeIn&quot;,&quot;_animation_delay&quot;:200}\" data-widget_type=\"text-editor.default\">\n\t\t\t\t<div class=\"elementor-widget-container\">\n\t\t\t\t\t\t\t\t\t<p>Wir f\u00fchren alle Arten von Umz\u00fcgen durch, sowohl auf lokaler als auch auf nationaler und internationaler Ebene. Hier sind einige der am h\u00e4ufigsten gestellten Fragen.<\/p>\t\t\t\t\t\t\t\t<\/div>\n\t\t\t\t<\/div>\n\t\t\t\t<div class=\"elementor-element elementor-element-7ee79ff4 elementor-invisible elementor-widget elementor-widget-elementskit-accordion\" data-id=\"7ee79ff4\" data-element_type=\"widget\" data-settings=\"{&quot;_animation_delay&quot;:400,&quot;_animation&quot;:&quot;fadeIn&quot;}\" data-widget_type=\"elementskit-accordion.default\">\n\t\t\t\t<div class=\"elementor-widget-container\">\n\t\t\t\t\t<div class=\"ekit-wid-con\" >\n        <div class=\"elementskit-accordion accoedion-primary\" id=\"accordion-69e02c72384ac\">\n\n            \n                <div class=\"elementskit-card \">\n                    <div class=\"elementskit-card-header\" id=\"primaryHeading-0-7ee79ff4\">\n                        <a href=\"#collapse-a6e330569e02c72384ac\" class=\"ekit-accordion--toggler elementskit-btn-link collapsed\" data-ekit-toggle=\"collapse\" data-target=\"#Collapse-a6e330569e02c72384ac\" aria-expanded=\"false\" aria-controls=\"Collapse-a6e330569e02c72384ac\">\n                            \n                            <span class=\"ekit-accordion-title\">How long does it take to design a home interior?<\/span>\n\n                            \n                                <div class=\"ekit_accordion_icon_group\">\n                                    <div class=\"ekit_accordion_normal_icon\">\n                                        <!-- Normal Icon -->\n\t\t\t\t\t\t\t\t\t\t<i class=\"icon icon-down-arrow1\"><\/i>                                    <\/div>\n\n                                    <div class=\"ekit_accordion_active_icon\">\n                                        <!-- Active Icon -->\n\t\t\t\t\t\t\t\t\t\t<i class=\"icon icon-left-arrows\"><\/i>                                    <\/div>\n                                <\/div>\n\n                            \n                                                    <\/a>\n                    <\/div>\n\n                    <div id=\"Collapse-a6e330569e02c72384ac\" class=\" collapse\" aria-labelledby=\"primaryHeading-0-7ee79ff4\" data-parent=\"#accordion-69e02c72384ac\">\n\n                        <div class=\"elementskit-card-body ekit-accordion--content\">\n                            <p>Lorem ipsum dolor sit amet, consectetur adipiscing elit. Aliquam rhoncus neque eget eros aliquet, sit amet dignissim nisl venenatis. Etiam erat arcu, dapibus at bibendum eget, blandit ut eros. Cras feugiat, sapien eget. Mauris sed ex a velit semper tristique.<\/p>                        <\/div>\n\n                    <\/div>\n\n                <\/div><!-- .elementskit-card END -->\n\n                \n                <div class=\"elementskit-card \">\n                    <div class=\"elementskit-card-header\" id=\"primaryHeading-1-7ee79ff4\">\n                        <a href=\"#collapse-ed795eb69e02c72384ac\" class=\"ekit-accordion--toggler elementskit-btn-link collapsed\" data-ekit-toggle=\"collapse\" data-target=\"#Collapse-ed795eb69e02c72384ac\" aria-expanded=\"false\" aria-controls=\"Collapse-ed795eb69e02c72384ac\">\n                            \n                            <span class=\"ekit-accordion-title\">Can you work within my budget?<\/span>\n\n                            \n                                <div class=\"ekit_accordion_icon_group\">\n                                    <div class=\"ekit_accordion_normal_icon\">\n                                        <!-- Normal Icon -->\n\t\t\t\t\t\t\t\t\t\t<i class=\"icon icon-down-arrow1\"><\/i>                                    <\/div>\n\n                                    <div class=\"ekit_accordion_active_icon\">\n                                        <!-- Active Icon -->\n\t\t\t\t\t\t\t\t\t\t<i class=\"icon icon-left-arrows\"><\/i>                                    <\/div>\n                                <\/div>\n\n                            \n                                                    <\/a>\n                    <\/div>\n\n                    <div id=\"Collapse-ed795eb69e02c72384ac\" class=\" collapse\" aria-labelledby=\"primaryHeading-1-7ee79ff4\" data-parent=\"#accordion-69e02c72384ac\">\n\n                        <div class=\"elementskit-card-body ekit-accordion--content\">\n                            <p>Lorem ipsum dolor sit amet, consectetur adipiscing elit. Aliquam rhoncus neque eget eros aliquet, sit amet dignissim nisl venenatis. Etiam erat arcu, dapibus at bibendum eget, blandit ut eros. Cras feugiat, sapien eget. Mauris sed ex a velit semper tristique.<\/p>                        <\/div>\n\n                    <\/div>\n\n                <\/div><!-- .elementskit-card END -->\n\n                \n                <div class=\"elementskit-card \">\n                    <div class=\"elementskit-card-header\" id=\"primaryHeading-2-7ee79ff4\">\n                        <a href=\"#collapse-3ec797f69e02c72384ac\" class=\"ekit-accordion--toggler elementskit-btn-link collapsed\" data-ekit-toggle=\"collapse\" data-target=\"#Collapse-3ec797f69e02c72384ac\" aria-expanded=\"false\" aria-controls=\"Collapse-3ec797f69e02c72384ac\">\n                            \n                            <span class=\"ekit-accordion-title\">How many team members are there in INTACT?<\/span>\n\n                            \n                                <div class=\"ekit_accordion_icon_group\">\n                                    <div class=\"ekit_accordion_normal_icon\">\n                                        <!-- Normal Icon -->\n\t\t\t\t\t\t\t\t\t\t<i class=\"icon icon-down-arrow1\"><\/i>                                    <\/div>\n\n                                    <div class=\"ekit_accordion_active_icon\">\n                                        <!-- Active Icon -->\n\t\t\t\t\t\t\t\t\t\t<i class=\"icon icon-left-arrows\"><\/i>                                    <\/div>\n                                <\/div>\n\n                            \n                                                    <\/a>\n                    <\/div>\n\n                    <div id=\"Collapse-3ec797f69e02c72384ac\" class=\" collapse\" aria-labelledby=\"primaryHeading-2-7ee79ff4\" data-parent=\"#accordion-69e02c72384ac\">\n\n                        <div class=\"elementskit-card-body ekit-accordion--content\">\n                            <p>Lorem ipsum dolor sit amet, consectetur adipiscing elit. Aliquam rhoncus neque eget eros aliquet, sit amet dignissim nisl venenatis. Etiam erat arcu, dapibus at bibendum eget, blandit ut eros. Cras feugiat, sapien eget. Mauris sed ex a velit semper tristique.<\/p>                        <\/div>\n\n                    <\/div>\n\n                <\/div><!-- .elementskit-card END -->\n\n                \n                <div class=\"elementskit-card \">\n                    <div class=\"elementskit-card-header\" id=\"primaryHeading-3-7ee79ff4\">\n                        <a href=\"#collapse-e752d5a69e02c72384ac\" class=\"ekit-accordion--toggler elementskit-btn-link collapsed\" data-ekit-toggle=\"collapse\" data-target=\"#Collapse-e752d5a69e02c72384ac\" aria-expanded=\"false\" aria-controls=\"Collapse-e752d5a69e02c72384ac\">\n                            \n                            <span class=\"ekit-accordion-title\">Do you provide maintenance services?<\/span>\n\n                            \n                                <div class=\"ekit_accordion_icon_group\">\n                                    <div class=\"ekit_accordion_normal_icon\">\n                                        <!-- Normal Icon -->\n\t\t\t\t\t\t\t\t\t\t<i class=\"icon icon-down-arrow1\"><\/i>                                    <\/div>\n\n                                    <div class=\"ekit_accordion_active_icon\">\n                                        <!-- Active Icon -->\n\t\t\t\t\t\t\t\t\t\t<i class=\"icon icon-left-arrows\"><\/i>                                    <\/div>\n                                <\/div>\n\n                            \n                                                    <\/a>\n                    <\/div>\n\n                    <div id=\"Collapse-e752d5a69e02c72384ac\" class=\" collapse\" aria-labelledby=\"primaryHeading-3-7ee79ff4\" data-parent=\"#accordion-69e02c72384ac\">\n\n                        <div class=\"elementskit-card-body ekit-accordion--content\">\n                            <p>Lorem ipsum dolor sit amet, consectetur adipiscing elit. Aliquam rhoncus neque eget eros aliquet, sit amet dignissim nisl venenatis. Etiam erat arcu, dapibus at bibendum eget, blandit ut eros. Cras feugiat, sapien eget. Mauris sed ex a velit semper tristique.<\/p>                        <\/div>\n\n                    <\/div>\n\n                <\/div><!-- .elementskit-card END -->\n\n                \n                <div class=\"elementskit-card \">\n                    <div class=\"elementskit-card-header\" id=\"primaryHeading-4-7ee79ff4\">\n                        <a href=\"#collapse-175a4fc69e02c72384ac\" class=\"ekit-accordion--toggler elementskit-btn-link collapsed\" data-ekit-toggle=\"collapse\" data-target=\"#Collapse-175a4fc69e02c72384ac\" aria-expanded=\"false\" aria-controls=\"Collapse-175a4fc69e02c72384ac\">\n                            \n                            <span class=\"ekit-accordion-title\">Can you also provide furniture for your design?<\/span>\n\n                            \n                                <div class=\"ekit_accordion_icon_group\">\n                                    <div class=\"ekit_accordion_normal_icon\">\n                                        <!-- Normal Icon -->\n\t\t\t\t\t\t\t\t\t\t<i class=\"icon icon-down-arrow1\"><\/i>                                    <\/div>\n\n                                    <div class=\"ekit_accordion_active_icon\">\n                                        <!-- Active Icon -->\n\t\t\t\t\t\t\t\t\t\t<i class=\"icon icon-left-arrows\"><\/i>                                    <\/div>\n                                <\/div>\n\n                            \n                                                    <\/a>\n                    <\/div>\n\n                    <div id=\"Collapse-175a4fc69e02c72384ac\" class=\" collapse\" aria-labelledby=\"primaryHeading-4-7ee79ff4\" data-parent=\"#accordion-69e02c72384ac\">\n\n                        <div class=\"elementskit-card-body ekit-accordion--content\">\n                            <p>Lorem ipsum dolor sit amet, consectetur adipiscing elit. Aliquam rhoncus neque eget eros aliquet, sit amet dignissim nisl venenatis. Etiam erat arcu, dapibus at bibendum eget, blandit ut eros. Cras feugiat, sapien eget. Mauris sed ex a velit semper tristique.<\/p>                        <\/div>\n\n                    <\/div>\n\n                <\/div><!-- .elementskit-card END -->\n\n                \n                <div class=\"elementskit-card \">\n                    <div class=\"elementskit-card-header\" id=\"primaryHeading-5-7ee79ff4\">\n                        <a href=\"#collapse-631383d69e02c72384ac\" class=\"ekit-accordion--toggler elementskit-btn-link collapsed\" data-ekit-toggle=\"collapse\" data-target=\"#Collapse-631383d69e02c72384ac\" aria-expanded=\"false\" aria-controls=\"Collapse-631383d69e02c72384ac\">\n                            \n                            <span class=\"ekit-accordion-title\">What payment methods do you provide for me?<\/span>\n\n                            \n                                <div class=\"ekit_accordion_icon_group\">\n                                    <div class=\"ekit_accordion_normal_icon\">\n                                        <!-- Normal Icon -->\n\t\t\t\t\t\t\t\t\t\t<i class=\"icon icon-down-arrow1\"><\/i>                                    <\/div>\n\n                                    <div class=\"ekit_accordion_active_icon\">\n                                        <!-- Active Icon -->\n\t\t\t\t\t\t\t\t\t\t<i class=\"icon icon-left-arrows\"><\/i>                                    <\/div>\n                                <\/div>\n\n                            \n                                                    <\/a>\n                    <\/div>\n\n                    <div id=\"Collapse-631383d69e02c72384ac\" class=\" collapse\" aria-labelledby=\"primaryHeading-5-7ee79ff4\" data-parent=\"#accordion-69e02c72384ac\">\n\n                        <div class=\"elementskit-card-body ekit-accordion--content\">\n                            <p>Lorem ipsum dolor sit amet, consectetur adipiscing elit. Aliquam rhoncus neque eget eros aliquet, sit amet dignissim nisl venenatis. Etiam erat arcu, dapibus at bibendum eget, blandit ut eros. Cras feugiat, sapien eget. Mauris sed ex a velit semper tristique.<\/p>                        <\/div>\n\n                    <\/div>\n\n                <\/div><!-- .elementskit-card END -->\n\n                                        <\/div>\n    <\/div>\t\t\t\t<\/div>\n\t\t\t\t<\/div>\n\t\t\t\t\t<\/div>\n\t\t<\/div>\n\t\t\t\t\t<\/div>\n\t\t<\/section>\n\t\t\t\t<section class=\"elementor-section elementor-top-section elementor-element elementor-element-70ea2618 elementor-section-boxed elementor-section-height-default elementor-section-height-default\" data-id=\"70ea2618\" data-element_type=\"section\" data-settings=\"{&quot;background_background&quot;:&quot;classic&quot;}\">\n\t\t\t\t\t\t\t<div class=\"elementor-background-overlay\"><\/div>\n\t\t\t\t\t\t\t<div class=\"elementor-container elementor-column-gap-default\">\n\t\t\t\t\t<div class=\"elementor-column elementor-col-100 elementor-top-column elementor-element elementor-element-3cb7b096\" data-id=\"3cb7b096\" data-element_type=\"column\">\n\t\t\t<div class=\"elementor-widget-wrap elementor-element-populated\">\n\t\t\t\t\t\t<div class=\"elementor-element elementor-element-3566eb90 elementor-widget-mobile__width-inherit elementor-invisible elementor-widget elementor-widget-elementskit-heading\" data-id=\"3566eb90\" data-element_type=\"widget\" data-settings=\"{&quot;_animation&quot;:&quot;fadeIn&quot;}\" data-widget_type=\"elementskit-heading.default\">\n\t\t\t\t<div class=\"elementor-widget-container\">\n\t\t\t\t\t<div class=\"ekit-wid-con\" ><div class=\"ekit-heading elementskit-section-title-wraper text_center   ekit_heading_tablet-   ekit_heading_mobile-\"><h2 class=\"ekit-heading--title elementskit-section-title \">Haben Sie noch Fragen? Kontaktieren Sie uns <span>unverbindlich<\/span><\/h2><\/div><\/div>\t\t\t\t<\/div>\n\t\t\t\t<\/div>\n\t\t\t\t<div class=\"elementor-element elementor-element-4dd0c4b9 elementor-align-center elementor-invisible elementor-widget elementor-widget-button\" data-id=\"4dd0c4b9\" data-element_type=\"widget\" data-settings=\"{&quot;_animation&quot;:&quot;fadeIn&quot;,&quot;_animation_delay&quot;:200}\" data-widget_type=\"button.default\">\n\t\t\t\t<div class=\"elementor-widget-container\">\n\t\t\t\t\t\t\t\t\t<div class=\"elementor-button-wrapper\">\n\t\t\t\t\t<a class=\"elementor-button elementor-button-link elementor-size-sm\" href=\"https:\/\/vanderentmudanzas.com\/de\/kontakt\/\">\n\t\t\t\t\t\t<span class=\"elementor-button-content-wrapper\">\n\t\t\t\t\t\t<span class=\"elementor-button-icon\">\n\t\t\t\t<i aria-hidden=\"true\" class=\"icon icon-right-arrow\"><\/i>\t\t\t<\/span>\n\t\t\t\t\t\t\t\t\t<span class=\"elementor-button-text\">Kontakt<\/span>\n\t\t\t\t\t<\/span>\n\t\t\t\t\t<\/a>\n\t\t\t\t<\/div>\n\t\t\t\t\t\t\t\t<\/div>\n\t\t\t\t<\/div>\n\t\t\t\t\t<\/div>\n\t\t<\/div>\n\t\t\t\t\t<\/div>\n\t\t<\/section>\n\t\t\t\t<\/div>\n\t\t","protected":false},"excerpt":{"rendered":"<p>WOHIN DU AUCH GEHST, WIR GEHEN MIT DIR Wir beantworten Ihre Fragen Wir f\u00fchren alle Arten von Umz\u00fcgen durch, sowohl auf lokaler als auch auf nationaler und internationaler Ebene. Hier sind einige der am h\u00e4ufigsten gestellten Fragen. How long does it take to design a home interior? Lorem ipsum dolor sit amet, consectetur adipiscing elit.&hellip; <a class=\"more-link\" href=\"https:\/\/vanderentmudanzas.com\/de\/haeufige-fragen\/\"><span class=\"screen-reader-text\">H\u00e4ufige Fragen<\/span> weiterlesen<\/a><\/p>\n","protected":false},"author":1,"featured_media":0,"parent":0,"menu_order":0,"comment_status":"closed","ping_status":"closed","template":"elementor_header_footer","meta":{"_joinchat":[],"footnotes":""},"class_list":["post-5199","page","type-page","status-publish","hentry","entry"],"_links":{"self":[{"href":"https:\/\/vanderentmudanzas.com\/de\/wp-json\/wp\/v2\/pages\/5199","targetHints":{"allow":["GET"]}}],"collection":[{"href":"https:\/\/vanderentmudanzas.com\/de\/wp-json\/wp\/v2\/pages"}],"about":[{"href":"https:\/\/vanderentmudanzas.com\/de\/wp-json\/wp\/v2\/types\/page"}],"author":[{"embeddable":true,"href":"https:\/\/vanderentmudanzas.com\/de\/wp-json\/wp\/v2\/users\/1"}],"replies":[{"embeddable":true,"href":"https:\/\/vanderentmudanzas.com\/de\/wp-json\/wp\/v2\/comments?post=5199"}],"version-history":[{"count":4,"href":"https:\/\/vanderentmudanzas.com\/de\/wp-json\/wp\/v2\/pages\/5199\/revisions"}],"predecessor-version":[{"id":6845,"href":"https:\/\/vanderentmudanzas.com\/de\/wp-json\/wp\/v2\/pages\/5199\/revisions\/6845"}],"wp:attachment":[{"href":"https:\/\/vanderentmudanzas.com\/de\/wp-json\/wp\/v2\/media?parent=5199"}],"curies":[{"name":"wp","href":"https:\/\/api.w.org\/{rel}","templated":true}]}}